{"id":21394,"date":"2022-01-27T14:54:48","date_gmt":"2022-01-27T14:54:48","guid":{"rendered":"https:\/\/droxpay.com\/?post_type=product&#038;p=21394"},"modified":"2025-10-09T09:05:24","modified_gmt":"2025-10-09T09:05:24","slug":"verificar-paypal","status":"publish","type":"product","link":"https:\/\/droxpay.com\/pago\/product\/verificar-paypal\/","title":{"rendered":"Tarjeta para verificar PayPal (6 Meses)"},"content":{"rendered":"<p>Despu\u00e9s de crear una cuenta PayPal lo m\u00e1s importante que sigue es verificar la cuenta con una tarjeta de cr\u00e9dito o d\u00e9bito ya sea f\u00edsica o virtual.<\/p>\r\n<h2 class=\"elementor-heading-title elementor-size-default\">\u00bfQu\u00e9 pasa si no verifico PayPal con una tarjeta?<\/h2>\r\n<ul>\r\n<li>No podr\u00e1s hacer pagos en la mayor\u00eda de las p\u00e1ginas por internet.<\/li>\r\n<li>No podr\u00e1s asociar tu cuenta a muchas p\u00e1ginas que pagan por PayPal.<\/li>\r\n<li>No podr\u00e1s pagar en p\u00e1gina de suscripci\u00f3n: Facebook e Instagram, whist, freelance, etc.<\/li>\r\n<li>Tendr\u00e1s limites para enviar y recibir dinero, y muchos inconvenientes m\u00e1s\u2026<\/li>\r\n<\/ul>\r\n<h2 class=\"elementor-heading-title elementor-size-default\">Aqu\u00ed podr\u00e1 verificar su cuenta PayPal al instante<\/h2>\r\n<p>Desde hace <strong>m\u00e1s de 4 a\u00f1os<\/strong>, nos hemos dedicado a <b>Verificar Cuentas PayPal con tarjetas virtuales.<\/b><\/p>\r\n<p>Verificamos tu cuenta completamente con una Tarjeta virtual Visa o MasterCard, incluyendo tambi\u00e9n los 4 d\u00edgitos de confirmaci\u00f3n que PayPal solicita al momento de a\u00f1adir la tarjeta.<\/p>\r\n<ul>\r\n<li>Es un solo pago<\/li>\r\n<li>Las tarjetas <strong>no tienen cuota de manejo<\/strong><\/li>\r\n<li><strong>Se entregan de inmediato<\/strong><\/li>\r\n<li><strong>El CODE de verificaci\u00f3n llega de inmediato<\/strong><\/li>\r\n<li>Son <strong>espec\u00edficamente para verificar una cuenta PayPal<\/strong><\/li>\r\n<\/ul>\r\n\r\n<h2 class=\"wp-block-heading\">Te garantizamos la verificaci\u00f3n 100%<\/h2>\r\n\r\n\r\n\r\n<p><img decoding=\"async\" class=\"wp-image-4214 alignleft\" src=\"https:\/\/droxpay.com\/wp-content\/uploads\/2019\/12\/VERIFICACION-CON-GARANTIA.jpg\" alt=\"\" width=\"150\" height=\"119\" \/>Primero que todo te acompa\u00f1amos en cada paso de la verificaci\u00f3n, si por alg\u00fan motivo PayPal no te deja asociar la tarjeta, te explicamos que hacer para solucionarlo. <strong>Un 99% las tarjetas se dejan asociar de inmediato<\/strong>, pero si PayPal no te deja asociar la tarjeta,\u00a0<strong>te reembolsamos el dinero<\/strong>.<\/p>\r\n\r\n<p>&nbsp;<\/p>\r\n<p>&nbsp;<\/p>","protected":false},"excerpt":{"rendered":"<p><strong><em>El proceso de verificaci\u00f3n no tarda ni 7 minutos<\/em><\/strong>\u00a0(Sigue el paso a paso)<\/p>\n[fluentform id=\"22\"]\n","protected":false},"featured_media":28595,"comment_status":"open","ping_status":"closed","template":"","meta":{"site-sidebar-layout":"no-sidebar","site-content-layout":"default","ast-site-content-layout":"default","site-content-style":"default","site-sidebar-style":"default","ast-global-header-display":"","ast-banner-title-visibility":"","ast-main-header-display":"","ast-hfb-above-header-display":"","ast-hfb-below-header-display":"","ast-hfb-mobile-header-display":"","site-post-title":"","ast-breadcrumbs-content":"","ast-featured-img":"","footer-sml-layout":"","ast-disable-related-posts":"","theme-transparent-header-meta":"default","adv-header-id-meta":"","stick-header-meta":"default","header-above-stick-meta":"","header-main-stick-meta":"","header-below-stick-meta":"","astra-migrate-meta-layouts":"set","ast-page-background-enabled":"default","ast-page-background-meta":{"desktop":{"background-color":"var(--ast-global-color-4)","background-image":"","background-repeat":"repeat","background-position":"center center","background-size":"auto","background-attachment":"scroll","background-type":"","background-media":"","overlay-type":"","overlay-color":"","overlay-opacity":"","overlay-gradient":""},"tablet":{"background-color":"","background-image":"","background-repeat":"repeat","background-position":"center center","background-size":"auto","background-attachment":"scroll","background-type":"","background-media":"","overlay-type":"","overlay-color":"","overlay-opacity":"","overlay-gradient":""},"mobile":{"background-color":"","background-image":"","background-repeat":"repeat","background-position":"center center","background-size":"auto","background-attachment":"scroll","background-type":"","background-media":"","overlay-type":"","overlay-color":"","overlay-opacity":"","overlay-gradient":""}},"ast-content-background-meta":{"desktop":{"background-color":"var(--ast-global-color-5)","background-image":"","background-repeat":"repeat","background-position":"center center","background-size":"auto","background-attachment":"scroll","background-type":"","background-media":"","overlay-type":"","overlay-color":"","overlay-opacity":"","overlay-gradient":""},"tablet":{"background-color":"var(--ast-global-color-5)","background-image":"","background-repeat":"repeat","background-position":"center center","background-size":"auto","background-attachment":"scroll","background-type":"","background-media":"","overlay-type":"","overlay-color":"","overlay-opacity":"","overlay-gradient":""},"mobile":{"background-color":"var(--ast-global-color-5)","background-image":"","background-repeat":"repeat","background-position":"center center","background-size":"auto","background-attachment":"scroll","background-type":"","background-media":"","overlay-type":"","overlay-color":"","overlay-opacity":"","overlay-gradient":""}}},"product_brand":[],"product_cat":[32,17],"product_tag":[28],"class_list":{"0":"post-21394","1":"product","2":"type-product","3":"status-publish","4":"has-post-thumbnail","6":"product_cat-exportar","7":"product_cat-tarjetas-paypal","8":"product_tag-6-meses","9":"desktop-align-left","10":"tablet-align-left","11":"mobile-align-left","12":"ast-product-gallery-layout-horizontal-slider","13":"ast-product-gallery-with-no-image","14":"ast-magnify-disabled","15":"ast-product-tabs-layout-vertical","17":"first","18":"instock","19":"sale","20":"downloadable","21":"virtual","22":"sold-individually","23":"purchasable","24":"product-type-simple"},"yoast_head":"<!-- This site is optimized with the Yoast SEO plugin v27.0 - https:\/\/yoast.com\/product\/yoast-seo-wordpress\/ -->\n<title>Tarjeta para verificar PayPal (6 Meses) - Droxpay<\/title>\n<meta name=\"robots\" content=\"noindex, follow\" \/>\n<meta property=\"og:locale\" content=\"es_ES\" \/>\n<meta property=\"og:type\" content=\"article\" \/>\n<meta property=\"og:title\" content=\"Tarjeta para verificar PayPal (6 Meses) - Droxpay\" \/>\n<meta property=\"og:description\" content=\"El proceso de verificaci\u00f3n no tarda ni 7 minutos\u00a0(Sigue el paso a paso)\" \/>\n<meta property=\"og:url\" content=\"https:\/\/droxpay.com\/pago\/product\/verificar-paypal\/\" \/>\n<meta property=\"og:site_name\" content=\"Droxpay\" \/>\n<meta property=\"article:modified_time\" content=\"2025-10-09T09:05:24+00:00\" \/>\n<meta property=\"og:image\" content=\"https:\/\/droxpay.com\/pago\/wp-content\/uploads\/2022\/01\/1-meses-MAS-1-MES.png\" \/>\n\t<meta property=\"og:image:width\" content=\"600\" \/>\n\t<meta property=\"og:image:height\" content=\"600\" \/>\n\t<meta property=\"og:image:type\" content=\"image\/png\" \/>\n<meta name=\"twitter:card\" content=\"summary_large_image\" \/>\n<meta name=\"twitter:label1\" content=\"Tiempo de lectura\" \/>\n\t<meta name=\"twitter:data1\" content=\"2 minutos\" \/>\n<script type=\"application\/ld+json\" class=\"yoast-schema-graph\">{\"@context\":\"https:\/\/schema.org\",\"@graph\":[{\"@type\":\"WebPage\",\"@id\":\"https:\/\/droxpay.com\/pago\/product\/verificar-paypal\/\",\"url\":\"https:\/\/droxpay.com\/pago\/product\/verificar-paypal\/\",\"name\":\"Tarjeta para verificar PayPal (6 Meses) - Droxpay\",\"isPartOf\":{\"@id\":\"https:\/\/droxpay.com\/pago\/#website\"},\"primaryImageOfPage\":{\"@id\":\"https:\/\/droxpay.com\/pago\/product\/verificar-paypal\/#primaryimage\"},\"image\":{\"@id\":\"https:\/\/droxpay.com\/pago\/product\/verificar-paypal\/#primaryimage\"},\"thumbnailUrl\":\"https:\/\/droxpay.com\/pago\/wp-content\/uploads\/2022\/01\/1-meses-MAS-1-MES.png\",\"datePublished\":\"2022-01-27T14:54:48+00:00\",\"dateModified\":\"2025-10-09T09:05:24+00:00\",\"breadcrumb\":{\"@id\":\"https:\/\/droxpay.com\/pago\/product\/verificar-paypal\/#breadcrumb\"},\"inLanguage\":\"es\",\"potentialAction\":[{\"@type\":\"ReadAction\",\"target\":[\"https:\/\/droxpay.com\/pago\/product\/verificar-paypal\/\"]}]},{\"@type\":\"ImageObject\",\"inLanguage\":\"es\",\"@id\":\"https:\/\/droxpay.com\/pago\/product\/verificar-paypal\/#primaryimage\",\"url\":\"https:\/\/droxpay.com\/pago\/wp-content\/uploads\/2022\/01\/1-meses-MAS-1-MES.png\",\"contentUrl\":\"https:\/\/droxpay.com\/pago\/wp-content\/uploads\/2022\/01\/1-meses-MAS-1-MES.png\",\"width\":600,\"height\":600},{\"@type\":\"BreadcrumbList\",\"@id\":\"https:\/\/droxpay.com\/pago\/product\/verificar-paypal\/#breadcrumb\",\"itemListElement\":[{\"@type\":\"ListItem\",\"position\":1,\"name\":\"Portada\",\"item\":\"https:\/\/droxpay.com\/pago\/\"},{\"@type\":\"ListItem\",\"position\":2,\"name\":\"Shop\",\"item\":\"https:\/\/droxpay.com\/pago\/shop\/\"},{\"@type\":\"ListItem\",\"position\":3,\"name\":\"Tarjeta para verificar PayPal (6 Meses)\"}]},{\"@type\":\"WebSite\",\"@id\":\"https:\/\/droxpay.com\/pago\/#website\",\"url\":\"https:\/\/droxpay.com\/pago\/\",\"name\":\"Droxpay\",\"description\":\"Tarjetas de cr\u00e9dito virtuales para verificar PayPal.\",\"publisher\":{\"@id\":\"https:\/\/droxpay.com\/pago\/#organization\"},\"potentialAction\":[{\"@type\":\"SearchAction\",\"target\":{\"@type\":\"EntryPoint\",\"urlTemplate\":\"https:\/\/droxpay.com\/pago\/?s={search_term_string}\"},\"query-input\":{\"@type\":\"PropertyValueSpecification\",\"valueRequired\":true,\"valueName\":\"search_term_string\"}}],\"inLanguage\":\"es\"},{\"@type\":\"Organization\",\"@id\":\"https:\/\/droxpay.com\/pago\/#organization\",\"name\":\"Droxpay\",\"url\":\"https:\/\/droxpay.com\/pago\/\",\"logo\":{\"@type\":\"ImageObject\",\"inLanguage\":\"es\",\"@id\":\"https:\/\/droxpay.com\/pago\/#\/schema\/logo\/image\/\",\"url\":\"https:\/\/droxpay.com\/pago\/wp-content\/uploads\/2022\/09\/Droxpay-verificar-paypal.png\",\"contentUrl\":\"https:\/\/droxpay.com\/pago\/wp-content\/uploads\/2022\/09\/Droxpay-verificar-paypal.png\",\"width\":151,\"height\":27,\"caption\":\"Droxpay\"},\"image\":{\"@id\":\"https:\/\/droxpay.com\/pago\/#\/schema\/logo\/image\/\"}}]}<\/script>\n<!-- \/ Yoast SEO plugin. -->","yoast_head_json":{"title":"Tarjeta para verificar PayPal (6 Meses) - Droxpay","robots":{"index":"noindex","follow":"follow"},"og_locale":"es_ES","og_type":"article","og_title":"Tarjeta para verificar PayPal (6 Meses) - Droxpay","og_description":"El proceso de verificaci\u00f3n no tarda ni 7 minutos\u00a0(Sigue el paso a paso)","og_url":"https:\/\/droxpay.com\/pago\/product\/verificar-paypal\/","og_site_name":"Droxpay","article_modified_time":"2025-10-09T09:05:24+00:00","og_image":[{"width":600,"height":600,"url":"https:\/\/droxpay.com\/pago\/wp-content\/uploads\/2022\/01\/1-meses-MAS-1-MES.png","type":"image\/png"}],"twitter_card":"summary_large_image","twitter_misc":{"Tiempo de lectura":"2 minutos"},"schema":{"@context":"https:\/\/schema.org","@graph":[{"@type":"WebPage","@id":"https:\/\/droxpay.com\/pago\/product\/verificar-paypal\/","url":"https:\/\/droxpay.com\/pago\/product\/verificar-paypal\/","name":"Tarjeta para verificar PayPal (6 Meses) - Droxpay","isPartOf":{"@id":"https:\/\/droxpay.com\/pago\/#website"},"primaryImageOfPage":{"@id":"https:\/\/droxpay.com\/pago\/product\/verificar-paypal\/#primaryimage"},"image":{"@id":"https:\/\/droxpay.com\/pago\/product\/verificar-paypal\/#primaryimage"},"thumbnailUrl":"https:\/\/droxpay.com\/pago\/wp-content\/uploads\/2022\/01\/1-meses-MAS-1-MES.png","datePublished":"2022-01-27T14:54:48+00:00","dateModified":"2025-10-09T09:05:24+00:00","breadcrumb":{"@id":"https:\/\/droxpay.com\/pago\/product\/verificar-paypal\/#breadcrumb"},"inLanguage":"es","potentialAction":[{"@type":"ReadAction","target":["https:\/\/droxpay.com\/pago\/product\/verificar-paypal\/"]}]},{"@type":"ImageObject","inLanguage":"es","@id":"https:\/\/droxpay.com\/pago\/product\/verificar-paypal\/#primaryimage","url":"https:\/\/droxpay.com\/pago\/wp-content\/uploads\/2022\/01\/1-meses-MAS-1-MES.png","contentUrl":"https:\/\/droxpay.com\/pago\/wp-content\/uploads\/2022\/01\/1-meses-MAS-1-MES.png","width":600,"height":600},{"@type":"BreadcrumbList","@id":"https:\/\/droxpay.com\/pago\/product\/verificar-paypal\/#breadcrumb","itemListElement":[{"@type":"ListItem","position":1,"name":"Portada","item":"https:\/\/droxpay.com\/pago\/"},{"@type":"ListItem","position":2,"name":"Shop","item":"https:\/\/droxpay.com\/pago\/shop\/"},{"@type":"ListItem","position":3,"name":"Tarjeta para verificar PayPal (6 Meses)"}]},{"@type":"WebSite","@id":"https:\/\/droxpay.com\/pago\/#website","url":"https:\/\/droxpay.com\/pago\/","name":"Droxpay","description":"Tarjetas de cr\u00e9dito virtuales para verificar PayPal.","publisher":{"@id":"https:\/\/droxpay.com\/pago\/#organization"},"potentialAction":[{"@type":"SearchAction","target":{"@type":"EntryPoint","urlTemplate":"https:\/\/droxpay.com\/pago\/?s={search_term_string}"},"query-input":{"@type":"PropertyValueSpecification","valueRequired":true,"valueName":"search_term_string"}}],"inLanguage":"es"},{"@type":"Organization","@id":"https:\/\/droxpay.com\/pago\/#organization","name":"Droxpay","url":"https:\/\/droxpay.com\/pago\/","logo":{"@type":"ImageObject","inLanguage":"es","@id":"https:\/\/droxpay.com\/pago\/#\/schema\/logo\/image\/","url":"https:\/\/droxpay.com\/pago\/wp-content\/uploads\/2022\/09\/Droxpay-verificar-paypal.png","contentUrl":"https:\/\/droxpay.com\/pago\/wp-content\/uploads\/2022\/09\/Droxpay-verificar-paypal.png","width":151,"height":27,"caption":"Droxpay"},"image":{"@id":"https:\/\/droxpay.com\/pago\/#\/schema\/logo\/image\/"}}]}},"_links":{"self":[{"href":"https:\/\/droxpay.com\/pago\/wp-json\/wp\/v2\/product\/21394","targetHints":{"allow":["GET"]}}],"collection":[{"href":"https:\/\/droxpay.com\/pago\/wp-json\/wp\/v2\/product"}],"about":[{"href":"https:\/\/droxpay.com\/pago\/wp-json\/wp\/v2\/types\/product"}],"replies":[{"embeddable":true,"href":"https:\/\/droxpay.com\/pago\/wp-json\/wp\/v2\/comments?post=21394"}],"wp:featuredmedia":[{"embeddable":true,"href":"https:\/\/droxpay.com\/pago\/wp-json\/wp\/v2\/media\/28595"}],"wp:attachment":[{"href":"https:\/\/droxpay.com\/pago\/wp-json\/wp\/v2\/media?parent=21394"}],"wp:term":[{"taxonomy":"product_brand","embeddable":true,"href":"https:\/\/droxpay.com\/pago\/wp-json\/wp\/v2\/product_brand?post=21394"},{"taxonomy":"product_cat","embeddable":true,"href":"https:\/\/droxpay.com\/pago\/wp-json\/wp\/v2\/product_cat?post=21394"},{"taxonomy":"product_tag","embeddable":true,"href":"https:\/\/droxpay.com\/pago\/wp-json\/wp\/v2\/product_tag?post=21394"}],"curies":[{"name":"wp","href":"https:\/\/api.w.org\/{rel}","templated":true}]}}